{"id":8430,"date":"2024-08-07T10:09:22","date_gmt":"2024-08-07T09:09:22","guid":{"rendered":"https:\/\/in-wheel.com\/?page_id=8430"},"modified":"2024-08-07T10:19:30","modified_gmt":"2024-08-07T09:19:30","slug":"on-going-projects-2","status":"publish","type":"page","link":"https:\/\/in-wheel.com\/en\/on-going-projects-2\/","title":{"rendered":"On-going projects"},"content":{"rendered":"<section class=\"l-section wpb_row us_custom_ed7e10ec height_auto\" id=\"ongoing-projects-row\"><div class=\"l-section-h i-cf\"><div class=\"g-cols vc_row via_flex valign_top type_boxes stacking_default\"><div class=\"vc_col-sm-12 wpb_column vc_column_container\"><div class=\"vc_column-inner\"><div class=\"wpb_wrapper\"><h2 style=\"text-align: center\" class=\"vc_custom_heading vc_do_custom_heading us_custom_cda6f729\" >On-going projects<\/h2><div class=\"g-cols wpb_row via_flex valign_top type_default stacking_default\"><div class=\"vc_col-sm-12 wpb_column vc_column_container\"><div class=\"vc_column-inner\"><div class=\"wpb_wrapper\"><div class=\"w-grid us_grid with_filters type_grid layout_7389 cols_1 preload_style_spinner\" id=\"ongoing-projects-row\" style=\"--columns:1;--gap:3rem;\"><style>.layout_7389 .w-grid-item-h{}.layout_7389 .usg_hwrapper_1{background:#ffffff!important}.layout_7389 .usg_post_image_1{width:300px!important}.layout_7389 .usg_vwrapper_2{color:#ffffff!important;padding-left:50px!important;padding-right:50px!important}.layout_7389 .usg_post_content_1{color:#000000!important}<\/style><div class=\"g-filters style_1 align_center\"><button class=\"g-filters-item active\" data-taxonomy=\"*\"><span>All<\/span><\/button><button class=\"g-filters-item\" data-taxonomy=\"active-projects\" data-amount=\"8\"><span>Active projects<\/span><span class=\"g-filters-item-amount\">8<\/span><\/button><\/div><div class=\"w-grid-list\" data-filter_taxonomy_name=\"category\" data-filter_default_taxonomies=\"active-projects\">\t<article class=\"w-grid-item size_1x1 post-10937 post type-post status-publish format-standard has-post-thumbnail hentry category-active-projects category-public-projects tag-zev-up\" data-id=\"10937\">\r\n\t\t<div class=\"w-grid-item-h\">\r\n\t\t\t\t\t\t<div class=\"w-hwrapper usg_hwrapper_1 align_left valign_top\" style=\"--hwrapper-gap:1.7rem\"><div class=\"w-vwrapper usg_vwrapper_1 align_center valign_middle\"><div class=\"w-post-elm post_image usg_post_image_1 has_width\"><a href=\"https:\/\/in-wheel.com\/en\/active-projects\/hipower50\/\" aria-label=\"HiPower50\"><img decoding=\"async\" width=\"600\" height=\"125\" data-src=\"https:\/\/in-wheel.com\/wp-content\/uploads\/2025\/07\/HiPower50-600x125.jpg\" class=\"attachment-us_600_400 size-us_600_400 wp-post-image lazyload\" alt=\"\" data-srcset=\"https:\/\/in-wheel.com\/wp-content\/uploads\/2025\/07\/HiPower50-600x125.jpg 600w, https:\/\/in-wheel.com\/wp-content\/uploads\/2025\/07\/HiPower50-300x63.jpg 300w, https:\/\/in-wheel.com\/wp-content\/uploads\/2025\/07\/HiPower50-1024x214.jpg 1024w, https:\/\/in-wheel.com\/wp-content\/uploads\/2025\/07\/HiPower50-18x4.jpg 18w, https:\/\/in-wheel.com\/wp-content\/uploads\/2025\/07\/HiPower50-180x38.jpg 180w, https:\/\/in-wheel.com\/wp-content\/uploads\/2025\/07\/HiPower50.jpg 1990w\" data-sizes=\"(max-width: 600px) 100vw, 600px\" src=\"data:image\/svg+xml;base64,PHN2ZyB3aWR0aD0iMSIgaGVpZ2h0PSIxIiB4bWxucz0iaHR0cDovL3d3dy53My5vcmcvMjAwMC9zdmciPjwvc3ZnPg==\" style=\"--smush-placeholder-width: 600px; --smush-placeholder-aspect-ratio: 600\/125;\" \/><\/a><\/div><\/div><div class=\"w-vwrapper usg_vwrapper_2 has_text_color align_left valign_top\"><div class=\"w-post-elm post_content usg_post_content_1 has_text_color with_collapsible_content\" data-content-height=\"200px\"><div>HiPower5.0 HiPower 5.0 project aims to develop highly integrated and energy-efficient power electronics components for sustainable mobility applications in the automotive and maritime sectors. &nbsp; &nbsp; &#8220;Making transport sustainable for all&#8221; is a key topic in &#8220;The European Green Deal,&#8221; aiming for a climate-neutral Europe by 2050[1]. The Green Deal seeks to transform the EU into a modern, resource-efficient, and&hellip;<\/div><div class=\"toggle-links align_none\"><button class=\"collapsible-content-more\">Show More<\/button><button class=\"collapsible-content-less\">Show Less<\/button><\/div><\/div><\/div><\/div>\t\t<\/div>\r\n\t\t\t<\/article>\r\n\t<article class=\"w-grid-item size_1x1 post-9254 post type-post status-publish format-standard has-post-thumbnail hentry category-active-projects category-public-projects tag-zev-up\" data-id=\"9254\">\r\n\t\t<div class=\"w-grid-item-h\">\r\n\t\t\t\t\t\t<div class=\"w-hwrapper usg_hwrapper_1 align_left valign_top\" style=\"--hwrapper-gap:1.7rem\"><div class=\"w-vwrapper usg_vwrapper_1 align_center valign_middle\"><div class=\"w-post-elm post_image usg_post_image_1 has_width\"><a href=\"https:\/\/in-wheel.com\/en\/active-projects\/code4ev\/\" aria-label=\"CODE4EV\"><img decoding=\"async\" width=\"600\" height=\"168\" data-src=\"https:\/\/in-wheel.com\/wp-content\/uploads\/2025\/03\/Code4EV-logo-600x168.jpg\" class=\"attachment-us_600_400 size-us_600_400 wp-post-image lazyload\" alt=\"\" data-srcset=\"https:\/\/in-wheel.com\/wp-content\/uploads\/2025\/03\/Code4EV-logo-600x168.jpg 600w, https:\/\/in-wheel.com\/wp-content\/uploads\/2025\/03\/Code4EV-logo-300x84.jpg 300w, https:\/\/in-wheel.com\/wp-content\/uploads\/2025\/03\/Code4EV-logo-1024x286.jpg 1024w, https:\/\/in-wheel.com\/wp-content\/uploads\/2025\/03\/Code4EV-logo-18x5.jpg 18w, https:\/\/in-wheel.com\/wp-content\/uploads\/2025\/03\/Code4EV-logo-180x50.jpg 180w, https:\/\/in-wheel.com\/wp-content\/uploads\/2025\/03\/Code4EV-logo.jpg 2048w\" data-sizes=\"(max-width: 600px) 100vw, 600px\" src=\"data:image\/svg+xml;base64,PHN2ZyB3aWR0aD0iMSIgaGVpZ2h0PSIxIiB4bWxucz0iaHR0cDovL3d3dy53My5vcmcvMjAwMC9zdmciPjwvc3ZnPg==\" style=\"--smush-placeholder-width: 600px; --smush-placeholder-aspect-ratio: 600\/168;\" \/><\/a><\/div><\/div><div class=\"w-vwrapper usg_vwrapper_2 has_text_color align_left valign_top\"><div class=\"w-post-elm post_content usg_post_content_1 has_text_color with_collapsible_content\" data-content-height=\"200px\"><div>The CODE4EV project aims to accelerate the development of electric software-defined vehicles (SDVs) by establishing a collaborative development framework. This framework will support the design, production and operational phases of electric vehicles (EVs) by demonstrating its application through selected Use Cases relevant to emerging and future SDV architectures. The project key objectives include the elaboration of digital design tools and&hellip;<\/div><div class=\"toggle-links align_none\"><button class=\"collapsible-content-more\">Show More<\/button><button class=\"collapsible-content-less\">Show Less<\/button><\/div><\/div><\/div><\/div>\t\t<\/div>\r\n\t\t\t<\/article>\r\n\t<article class=\"w-grid-item size_1x1 post-8657 post type-post status-publish format-standard has-post-thumbnail hentry category-active-projects category-public-projects tag-zev-up\" data-id=\"8657\">\r\n\t\t<div class=\"w-grid-item-h\">\r\n\t\t\t\t\t\t<div class=\"w-hwrapper usg_hwrapper_1 align_left valign_top\" style=\"--hwrapper-gap:1.7rem\"><div class=\"w-vwrapper usg_vwrapper_1 align_center valign_middle\"><div class=\"w-post-elm post_image usg_post_image_1 has_width\"><a href=\"https:\/\/in-wheel.com\/en\/active-projects\/ipcei-me-ct\/\" aria-label=\"IPCEI ME\/CT projekt\u200b\"><img decoding=\"async\" width=\"600\" height=\"163\" data-src=\"https:\/\/in-wheel.com\/wp-content\/uploads\/2024\/12\/Ipcei-logo-600x163.jpg\" class=\"attachment-us_600_400 size-us_600_400 wp-post-image lazyload\" alt=\"\" data-srcset=\"https:\/\/in-wheel.com\/wp-content\/uploads\/2024\/12\/Ipcei-logo-600x163.jpg 600w, https:\/\/in-wheel.com\/wp-content\/uploads\/2024\/12\/Ipcei-logo-300x82.jpg 300w, https:\/\/in-wheel.com\/wp-content\/uploads\/2024\/12\/Ipcei-logo-18x5.jpg 18w, https:\/\/in-wheel.com\/wp-content\/uploads\/2024\/12\/Ipcei-logo-180x49.jpg 180w, https:\/\/in-wheel.com\/wp-content\/uploads\/2024\/12\/Ipcei-logo.jpg 1000w\" data-sizes=\"(max-width: 600px) 100vw, 600px\" src=\"data:image\/svg+xml;base64,PHN2ZyB3aWR0aD0iMSIgaGVpZ2h0PSIxIiB4bWxucz0iaHR0cDovL3d3dy53My5vcmcvMjAwMC9zdmciPjwvc3ZnPg==\" style=\"--smush-placeholder-width: 600px; --smush-placeholder-aspect-ratio: 600\/163;\" \/><\/a><\/div><\/div><div class=\"w-vwrapper usg_vwrapper_2 has_text_color align_left valign_top\"><div class=\"w-post-elm post_content usg_post_content_1 has_text_color with_collapsible_content\" data-content-height=\"200px\"><div>Elaphe poganja prebojne inovacije na podro\u010dju mikroelektronike za elektri\u010dna vozila z evropskim sofinanciranjem. Elaphe, vodilno slovensko podjetje na podro\u010dju inovacij za elektri\u010dna vozila, je del ambicioznega evropskega projekta IPCEI ME\/CT (Important Project of Common European Interest in Microelectronics and Communication Technologies), ki ga sofinancira Evropska unija skupaj z dr\u017eavami \u010dlanicami. Projekt je osredoto\u010den na spodbujanje razvoja naprednih tehnologij na podro\u010dju&hellip;<\/div><div class=\"toggle-links align_none\"><button class=\"collapsible-content-more\">Show More<\/button><button class=\"collapsible-content-less\">Show Less<\/button><\/div><\/div><\/div><\/div>\t\t<\/div>\r\n\t\t\t<\/article>\r\n\t<article class=\"w-grid-item size_1x1 post-8418 post type-post status-publish format-standard has-post-thumbnail hentry category-active-projects category-public-projects tag-zev-up\" data-id=\"8418\">\r\n\t\t<div class=\"w-grid-item-h\">\r\n\t\t\t\t\t\t<div class=\"w-hwrapper usg_hwrapper_1 align_left valign_top\" style=\"--hwrapper-gap:1.7rem\"><div class=\"w-vwrapper usg_vwrapper_1 align_center valign_middle\"><div class=\"w-post-elm post_image usg_post_image_1 has_width\"><a href=\"https:\/\/in-wheel.com\/en\/active-projects\/zev-up\/\" aria-label=\"Zev-up\"><img decoding=\"async\" width=\"600\" height=\"108\" data-src=\"https:\/\/in-wheel.com\/wp-content\/uploads\/2024\/08\/ZEV-UP-RGB-2-600x108.png\" class=\"attachment-us_600_400 size-us_600_400 wp-post-image lazyload\" alt=\"\" data-srcset=\"https:\/\/in-wheel.com\/wp-content\/uploads\/2024\/08\/ZEV-UP-RGB-2-600x108.png 600w, https:\/\/in-wheel.com\/wp-content\/uploads\/2024\/08\/ZEV-UP-RGB-2-300x54.png 300w, https:\/\/in-wheel.com\/wp-content\/uploads\/2024\/08\/ZEV-UP-RGB-2-18x3.png 18w, https:\/\/in-wheel.com\/wp-content\/uploads\/2024\/08\/ZEV-UP-RGB-2-180x32.png 180w, https:\/\/in-wheel.com\/wp-content\/uploads\/2024\/08\/ZEV-UP-RGB-2.png 818w\" data-sizes=\"(max-width: 600px) 100vw, 600px\" src=\"data:image\/svg+xml;base64,PHN2ZyB3aWR0aD0iMSIgaGVpZ2h0PSIxIiB4bWxucz0iaHR0cDovL3d3dy53My5vcmcvMjAwMC9zdmciPjwvc3ZnPg==\" style=\"--smush-placeholder-width: 600px; --smush-placeholder-aspect-ratio: 600\/108;\" \/><\/a><\/div><\/div><div class=\"w-vwrapper usg_vwrapper_2 has_text_color align_left valign_top\"><div class=\"w-post-elm post_content usg_post_content_1 has_text_color with_collapsible_content\" data-content-height=\"200px\"><div>The ZEV-UP project aims to develop modular, cost-effective, and user-centric EVs for both passenger and goods transportation. Leveraging innovative design and engineering techniques, ZEV-UP vehicles will be tailored to meet the specific needs of users in both developed and emerging markets, ensuring high levels of user acceptance and market uptake. The project will achieve lighter vehicles with increased autonomy and&hellip;<\/div><div class=\"toggle-links align_none\"><button class=\"collapsible-content-more\">Show More<\/button><button class=\"collapsible-content-less\">Show Less<\/button><\/div><\/div><\/div><\/div>\t\t<\/div>\r\n\t\t\t<\/article>\r\n\t<article class=\"w-grid-item size_1x1 post-8415 post type-post status-publish format-standard has-post-thumbnail hentry category-active-projects category-public-projects tag-smart-corners\" data-id=\"8415\">\r\n\t\t<div class=\"w-grid-item-h\">\r\n\t\t\t\t\t\t<div class=\"w-hwrapper usg_hwrapper_1 align_left valign_top\" style=\"--hwrapper-gap:1.7rem\"><div class=\"w-vwrapper usg_vwrapper_1 align_center valign_middle\"><div class=\"w-post-elm post_image usg_post_image_1 has_width\"><a href=\"https:\/\/in-wheel.com\/en\/active-projects\/smart-corners\/\" aria-label=\"Smart Corners\"><img decoding=\"async\" width=\"600\" height=\"150\" data-src=\"https:\/\/in-wheel.com\/wp-content\/uploads\/2024\/08\/smartcorners_logo-600x150.png\" class=\"attachment-us_600_400 size-us_600_400 wp-post-image lazyload\" alt=\"\" data-srcset=\"https:\/\/in-wheel.com\/wp-content\/uploads\/2024\/08\/smartcorners_logo-600x150.png 600w, https:\/\/in-wheel.com\/wp-content\/uploads\/2024\/08\/smartcorners_logo-300x75.png 300w, https:\/\/in-wheel.com\/wp-content\/uploads\/2024\/08\/smartcorners_logo-18x5.png 18w, https:\/\/in-wheel.com\/wp-content\/uploads\/2024\/08\/smartcorners_logo-180x45.png 180w, https:\/\/in-wheel.com\/wp-content\/uploads\/2024\/08\/smartcorners_logo.png 1000w\" data-sizes=\"(max-width: 600px) 100vw, 600px\" src=\"data:image\/svg+xml;base64,PHN2ZyB3aWR0aD0iMSIgaGVpZ2h0PSIxIiB4bWxucz0iaHR0cDovL3d3dy53My5vcmcvMjAwMC9zdmciPjwvc3ZnPg==\" style=\"--smush-placeholder-width: 600px; --smush-placeholder-aspect-ratio: 600\/150;\" \/><\/a><\/div><\/div><div class=\"w-vwrapper usg_vwrapper_2 has_text_color align_left valign_top\"><div class=\"w-post-elm post_content usg_post_content_1 has_text_color with_collapsible_content\" data-content-height=\"200px\"><div>In-wheel motors (IWMs) have become a mature technology that is well-suited for new user-centric electric vehicles (EVs). IWMs can be integrated in multi-functional and controllable modules consisting of the electric powertrain, friction brake and suspension\/steering actuation. By combining several vehicle functionalities in a compact solution, the modules offer substantial opportunities to enhance the design and operation of EVs. This is&hellip;<\/div><div class=\"toggle-links align_none\"><button class=\"collapsible-content-more\">Show More<\/button><button class=\"collapsible-content-less\">Show Less<\/button><\/div><\/div><\/div><\/div>\t\t<\/div>\r\n\t\t\t<\/article>\r\n<\/div>\t<div class=\"w-grid-preloader\">\r\n\t\t<div class=\"g-preloader type_2\">\r\n\t\t\t<div><\/div>\r\n\t\t<\/div>\r\n\t<\/div>\r\n\t\t<div class=\"w-grid-json hidden\" onclick='return {&quot;action&quot;:&quot;us_ajax_grid&quot;,&quot;infinite_scroll&quot;:0,&quot;max_num_pages&quot;:2,&quot;pagination&quot;:&quot;none&quot;,&quot;template_vars&quot;:{&quot;columns&quot;:&quot;1&quot;,&quot;exclude_items&quot;:&quot;none&quot;,&quot;img_size&quot;:&quot;default&quot;,&quot;ignore_items_size&quot;:0,&quot;items_layout&quot;:&quot;7389&quot;,&quot;items_offset&quot;:&quot;1&quot;,&quot;load_animation&quot;:&quot;none&quot;,&quot;overriding_link&quot;:&quot;%7B%22url%22%3A%22%22%7D&quot;,&quot;post_id&quot;:0,&quot;query_args&quot;:{&quot;post_type&quot;:[&quot;post&quot;],&quot;tax_query&quot;:[{&quot;taxonomy&quot;:&quot;category&quot;,&quot;field&quot;:&quot;slug&quot;,&quot;terms&quot;:[&quot;active-projects&quot;]}],&quot;post_status&quot;:[&quot;publish&quot;,&quot;acf-disabled&quot;],&quot;posts_per_page&quot;:&quot;5&quot;},&quot;orderby_query_args&quot;:{&quot;orderby&quot;:{&quot;date&quot;:&quot;DESC&quot;}},&quot;type&quot;:&quot;grid&quot;,&quot;us_grid_post_type&quot;:&quot;post&quot;,&quot;us_grid_ajax_index&quot;:1,&quot;us_grid_filter_query_string&quot;:null,&quot;us_grid_index&quot;:1,&quot;page_args&quot;:[]}}'><\/div>\r\n\t<\/div><\/div><\/div><\/div><\/div><\/div><\/div><\/div><\/div><\/div><\/section>\n","protected":false},"excerpt":{"rendered":"In-wheel motors (IWMs) have become a mature technology that is well-suited for new user-centric electric vehicles (EVs). IWMs can be integrated in multi-functional and controllable modules consisting of the electric powertrain, friction brake and suspension\/steering actuation. By combining several vehicle functionalities in a compact solution, the modules offer substantial opportunities to enhance the design and...","protected":false},"author":3,"featured_media":0,"parent":0,"menu_order":0,"comment_status":"closed","ping_status":"closed","template":"","meta":{"_acf_changed":false,"footnotes":""},"class_list":["post-8430","page","type-page","status-publish","hentry"],"acf":[],"yoast_head":"<!-- This site is optimized with the Yoast SEO plugin v26.7 - https:\/\/yoast.com\/wordpress\/plugins\/seo\/ -->\n<title>On-going projects - Elaphe<\/title>\n<meta name=\"robots\" content=\"index, follow, max-snippet:-1, max-image-preview:large, max-video-preview:-1\" \/>\n<link rel=\"canonical\" href=\"https:\/\/in-wheel.com\/en\/on-going-projects-2\/\" \/>\n<meta property=\"og:locale\" content=\"en_US\" \/>\n<meta property=\"og:type\" content=\"article\" \/>\n<meta property=\"og:title\" content=\"On-going projects - Elaphe\" \/>\n<meta property=\"og:url\" content=\"https:\/\/in-wheel.com\/en\/on-going-projects-2\/\" \/>\n<meta property=\"og:site_name\" content=\"Elaphe\" \/>\n<meta property=\"article:modified_time\" content=\"2024-08-07T09:19:30+00:00\" \/>\n<meta name=\"twitter:card\" content=\"summary_large_image\" \/>\n<meta name=\"twitter:label1\" content=\"Est. reading time\" \/>\n\t<meta name=\"twitter:data1\" content=\"1 minute\" \/>\n<script type=\"application\/ld+json\" class=\"yoast-schema-graph\">{\"@context\":\"https:\/\/schema.org\",\"@graph\":[{\"@type\":\"WebPage\",\"@id\":\"https:\/\/in-wheel.com\/on-going-projects-2\/\",\"url\":\"https:\/\/in-wheel.com\/on-going-projects-2\/\",\"name\":\"On-going projects - Elaphe\",\"isPartOf\":{\"@id\":\"https:\/\/in-wheel.com\/en\/#website\"},\"datePublished\":\"2024-08-07T09:09:22+00:00\",\"dateModified\":\"2024-08-07T09:19:30+00:00\",\"breadcrumb\":{\"@id\":\"https:\/\/in-wheel.com\/on-going-projects-2\/#breadcrumb\"},\"inLanguage\":\"en-US\",\"potentialAction\":[{\"@type\":\"ReadAction\",\"target\":[\"https:\/\/in-wheel.com\/on-going-projects-2\/\"]}]},{\"@type\":\"BreadcrumbList\",\"@id\":\"https:\/\/in-wheel.com\/on-going-projects-2\/#breadcrumb\",\"itemListElement\":[{\"@type\":\"ListItem\",\"position\":1,\"name\":\"Home\",\"item\":\"https:\/\/in-wheel.com\/\"},{\"@type\":\"ListItem\",\"position\":2,\"name\":\"On-going projects\"}]},{\"@type\":\"WebSite\",\"@id\":\"https:\/\/in-wheel.com\/en\/#website\",\"url\":\"https:\/\/in-wheel.com\/en\/\",\"name\":\"Elaphe\",\"description\":\"Elaphe in-wheel electric motors\",\"potentialAction\":[{\"@type\":\"SearchAction\",\"target\":{\"@type\":\"EntryPoint\",\"urlTemplate\":\"https:\/\/in-wheel.com\/en\/?s={search_term_string}\"},\"query-input\":{\"@type\":\"PropertyValueSpecification\",\"valueRequired\":true,\"valueName\":\"search_term_string\"}}],\"inLanguage\":\"en-US\"}]}<\/script>\n<!-- \/ Yoast SEO plugin. -->","yoast_head_json":{"title":"On-going projects - Elaphe","robots":{"index":"index","follow":"follow","max-snippet":"max-snippet:-1","max-image-preview":"max-image-preview:large","max-video-preview":"max-video-preview:-1"},"canonical":"https:\/\/in-wheel.com\/en\/on-going-projects-2\/","og_locale":"en_US","og_type":"article","og_title":"On-going projects - Elaphe","og_url":"https:\/\/in-wheel.com\/en\/on-going-projects-2\/","og_site_name":"Elaphe","article_modified_time":"2024-08-07T09:19:30+00:00","twitter_card":"summary_large_image","twitter_misc":{"Est. reading time":"1 minute"},"schema":{"@context":"https:\/\/schema.org","@graph":[{"@type":"WebPage","@id":"https:\/\/in-wheel.com\/on-going-projects-2\/","url":"https:\/\/in-wheel.com\/on-going-projects-2\/","name":"On-going projects - Elaphe","isPartOf":{"@id":"https:\/\/in-wheel.com\/en\/#website"},"datePublished":"2024-08-07T09:09:22+00:00","dateModified":"2024-08-07T09:19:30+00:00","breadcrumb":{"@id":"https:\/\/in-wheel.com\/on-going-projects-2\/#breadcrumb"},"inLanguage":"en-US","potentialAction":[{"@type":"ReadAction","target":["https:\/\/in-wheel.com\/on-going-projects-2\/"]}]},{"@type":"BreadcrumbList","@id":"https:\/\/in-wheel.com\/on-going-projects-2\/#breadcrumb","itemListElement":[{"@type":"ListItem","position":1,"name":"Home","item":"https:\/\/in-wheel.com\/"},{"@type":"ListItem","position":2,"name":"On-going projects"}]},{"@type":"WebSite","@id":"https:\/\/in-wheel.com\/en\/#website","url":"https:\/\/in-wheel.com\/en\/","name":"Elaphe","description":"Elaphe in-wheel electric motors","potentialAction":[{"@type":"SearchAction","target":{"@type":"EntryPoint","urlTemplate":"https:\/\/in-wheel.com\/en\/?s={search_term_string}"},"query-input":{"@type":"PropertyValueSpecification","valueRequired":true,"valueName":"search_term_string"}}],"inLanguage":"en-US"}]}},"_links":{"self":[{"href":"https:\/\/in-wheel.com\/en\/wp-json\/wp\/v2\/pages\/8430","targetHints":{"allow":["GET"]}}],"collection":[{"href":"https:\/\/in-wheel.com\/en\/wp-json\/wp\/v2\/pages"}],"about":[{"href":"https:\/\/in-wheel.com\/en\/wp-json\/wp\/v2\/types\/page"}],"author":[{"embeddable":true,"href":"https:\/\/in-wheel.com\/en\/wp-json\/wp\/v2\/users\/3"}],"replies":[{"embeddable":true,"href":"https:\/\/in-wheel.com\/en\/wp-json\/wp\/v2\/comments?post=8430"}],"version-history":[{"count":5,"href":"https:\/\/in-wheel.com\/en\/wp-json\/wp\/v2\/pages\/8430\/revisions"}],"predecessor-version":[{"id":8473,"href":"https:\/\/in-wheel.com\/en\/wp-json\/wp\/v2\/pages\/8430\/revisions\/8473"}],"wp:attachment":[{"href":"https:\/\/in-wheel.com\/en\/wp-json\/wp\/v2\/media?parent=8430"}],"curies":[{"name":"wp","href":"https:\/\/api.w.org\/{rel}","templated":true}]}}