{"id":3655,"date":"2019-09-30T22:32:44","date_gmt":"2019-09-30T21:32:44","guid":{"rendered":"https:\/\/in-wheel.com\/elaphe2.0\/?page_id=3655"},"modified":"2023-07-28T13:05:46","modified_gmt":"2023-07-28T12:05:46","slug":"elaphe-quality-policy","status":"publish","type":"page","link":"https:\/\/in-wheel.com\/sl\/elaphe-quality-policy\/","title":{"rendered":"Politika kakovosti"},"content":{"rendered":"<section class=\"l-section wpb_row remove-full-height-white height_medium full_height valign_center\"><div class=\"l-section-h i-cf\"><div class=\"g-cols vc_row via_flex valign_middle type_default stacking_default\"><div class=\"vc_col-sm-12 wpb_column vc_column_container\"><div class=\"vc_column-inner\"><div class=\"wpb_wrapper\"><h2 style=\"font-size: 2rem;color: #dfe82d;line-height: 1.1;text-align: left\" class=\"vc_custom_heading vc_do_custom_heading us_custom_cda6f729\" >Politika kakovosti<\/h2><div class=\"wpb_text_column justified-text\"><div class=\"wpb_wrapper\"><div class=\"entry-content\">\n<p class=\"xmsonormal\">Elaphe si prizadeva postati najbolj\u0161i razvojni partner za na\u0161e stranke ter vodilni na trgu v na\u010drtovanju in oskrbi elektri\u010dnih pogonskih sistemov za razli\u010dne vrste vozil in plovil. Inovativen, zelo motiviran in pridno delujo\u010d delovni kolektiv, skupaj s fleksibilnostjo in enostavno prilagodljivostjo glede na potrebe strank, so klju\u010dni sestavni deli za zagotavljanje dolgoro\u010dnega uspeha podjetja in strank.<\/p>\n<p class=\"xmsonormal\">Elaphe je vzpostavil u\u010dinkovit sistem vodenja kakovosti (Quality Management System - QMS), ki je vgrajen v operativne procese in zagotavlja, da blago in storitve izpolnjujejo ter presegajo potrebe in zahteve strank. Vsi zaposleni, ki so del teh procesov, so odgovorni za svoje delo, kakovost in uspe\u0161nost izhoda procesa, kar posledi\u010dno prispeva k u\u010dinkovitosti QMS-a.<\/p>\n<p class=\"xmsonormal\">Na\u0161e vodstvo si prizadeva jasno komunicirati na\u0161o vizijo podjetja in strate\u0161ke cilje vsem zaposlenim na redni osnovi. S periodi\u010dnimi pregledi Elaphe budno spremlja in zagotavlja, da je na\u0161 QMS v skladu z ISO9001:2015 in s strate\u0161kimi cilji podjetja.<\/p>\n<p class=\"xmsonormal\">Podjetje zagotavlja usposabljanje in vzpostavlja programe, da so zaposleni tehni\u010dno in organizacijsko sposobni obvladovati najzahtevnej\u0161e projekte z najstro\u017ejimi zahtevami glede kakovosti in dobavnih rokov blaga ali storitev.<\/p>\n<p class=\"xmsonormal\">Riziki v procesih so identificirani in spremljani preko klju\u010dnih kazalnikov uspe\u0161nosti (Key Performance Indicators - KPIs), in redno je zagotovljeno izbolj\u0161evanje prek takoj\u0161njih ukrepov ob zaznavi odstopanj v procesih. Riziki pri razvoju izdelkov so identificirani prek standardne industrijske prakse analize na\u010dinov odpovedi in u\u010dinkov (Failure Modes and Effects Analysis - FMEA). Identificirane visoko tvegane odpovedi so nato naslovljene \u017ee v fazi na\u010drtovanja z uporabo naprednih simulacijskih metod ter preverjeni s strogimi preizkusnimi metodami v resni\u010dnem okolju. Iz tega razloga Elaphe upravlja obse\u017een razvojni center  s preizku\u0161evali\u0161\u010di za dolo\u010danje zmogljivosti, komorami za okoljske preizkuse in preizkuse trajnosti, testnimi platformami vozil in drugo opremo za preizkuse na ravni komponent.<\/p>\n<p class=\"xmsonormal\">Vse blago in storitve, ki jih Elaphe zagotavlja strankam, so temeljito preizku\u0161eni, pregledani in pregledani v skladu z relevantno zakonodajo, industrijskimi standardi in zahtevami strank.<\/p>\n<p class=\"xmsonormal\">Elaphe si prizadeva za gradnjo medsebojno koristnega odnosa s strankami, saj mo\u010dno verjamemo v rast prek partnerstva, kjer obe strani zmagata, ter vrhunsko kakovost.<\/p>\n<\/div>\n<\/div><\/div><\/div><\/div><\/div><\/div><\/div><\/section>","protected":false},"excerpt":{"rendered":"Quality policy Elaphe strives to be the best development partner for our customers and market leader in design and supply of electric propulsion systems for various types of vehicles and crafts. Innovative, highly motivated and hard-working workforce next to flexibility and easy adaptation to customer-specific needs are the key ingredients to ensure long-term success of...","protected":false},"author":5,"featured_media":0,"parent":0,"menu_order":0,"comment_status":"closed","ping_status":"closed","template":"","meta":{"_acf_changed":false,"footnotes":""},"class_list":["post-3655","page","type-page","status-publish","hentry"],"acf":[],"yoast_head":"<!-- This site is optimized with the Yoast SEO plugin v26.7 - https:\/\/yoast.com\/wordpress\/plugins\/seo\/ -->\n<title>Quality policy - Elaphe<\/title>\n<meta name=\"description\" content=\"Elaphe is dedicated to building a mutually beneficial relationship with our customers, as we strongly believe in growth through win-win partnerships and superb quality.\" \/>\n<meta name=\"robots\" content=\"index, follow, max-snippet:-1, max-image-preview:large, max-video-preview:-1\" \/>\n<link rel=\"canonical\" href=\"https:\/\/in-wheel.com\/sl\/company__trashed\/elaphe-quality-policy\/\" \/>\n<meta property=\"og:locale\" content=\"sl_SI\" \/>\n<meta property=\"og:type\" content=\"article\" \/>\n<meta property=\"og:title\" content=\"Quality policy - Elaphe\" \/>\n<meta property=\"og:description\" content=\"Elaphe is dedicated to building a mutually beneficial relationship with our customers, as we strongly believe in growth through win-win partnerships and superb quality.\" \/>\n<meta property=\"og:url\" content=\"https:\/\/in-wheel.com\/sl\/company__trashed\/elaphe-quality-policy\/\" \/>\n<meta property=\"og:site_name\" content=\"Elaphe\" \/>\n<meta property=\"article:modified_time\" content=\"2023-07-28T12:05:46+00:00\" \/>\n<meta name=\"twitter:card\" content=\"summary_large_image\" \/>\n<meta name=\"twitter:label1\" content=\"Est. reading time\" \/>\n\t<meta name=\"twitter:data1\" content=\"2 minuti\" \/>\n<script type=\"application\/ld+json\" class=\"yoast-schema-graph\">{\"@context\":\"https:\/\/schema.org\",\"@graph\":[{\"@type\":\"WebPage\",\"@id\":\"https:\/\/in-wheel.com\/company__trashed\/elaphe-quality-policy\/\",\"url\":\"https:\/\/in-wheel.com\/company__trashed\/elaphe-quality-policy\/\",\"name\":\"Quality policy - Elaphe\",\"isPartOf\":{\"@id\":\"https:\/\/in-wheel.com\/en\/#website\"},\"datePublished\":\"2019-09-30T21:32:44+00:00\",\"dateModified\":\"2023-07-28T12:05:46+00:00\",\"description\":\"Elaphe is dedicated to building a mutually beneficial relationship with our customers, as we strongly believe in growth through win-win partnerships and superb quality.\",\"breadcrumb\":{\"@id\":\"https:\/\/in-wheel.com\/company__trashed\/elaphe-quality-policy\/#breadcrumb\"},\"inLanguage\":\"sl-SI\",\"potentialAction\":[{\"@type\":\"ReadAction\",\"target\":[\"https:\/\/in-wheel.com\/company__trashed\/elaphe-quality-policy\/\"]}]},{\"@type\":\"BreadcrumbList\",\"@id\":\"https:\/\/in-wheel.com\/company__trashed\/elaphe-quality-policy\/#breadcrumb\",\"itemListElement\":[{\"@type\":\"ListItem\",\"position\":1,\"name\":\"Home\",\"item\":\"https:\/\/in-wheel.com\/\"},{\"@type\":\"ListItem\",\"position\":2,\"name\":\"Quality policy\"}]},{\"@type\":\"WebSite\",\"@id\":\"https:\/\/in-wheel.com\/en\/#website\",\"url\":\"https:\/\/in-wheel.com\/en\/\",\"name\":\"Elaphe\",\"description\":\"Elaphe in-wheel electric motors\",\"potentialAction\":[{\"@type\":\"SearchAction\",\"target\":{\"@type\":\"EntryPoint\",\"urlTemplate\":\"https:\/\/in-wheel.com\/en\/?s={search_term_string}\"},\"query-input\":{\"@type\":\"PropertyValueSpecification\",\"valueRequired\":true,\"valueName\":\"search_term_string\"}}],\"inLanguage\":\"sl-SI\"}]}<\/script>\n<!-- \/ Yoast SEO plugin. -->","yoast_head_json":{"title":"Quality policy - Elaphe","description":"Elaphe si prizadeva za gradnjo medsebojno koristnega odnosa s strankami, saj mo\u010dno verjamemo v rast prek partnerstva, kjer obe strani zmagata, ter vrhunsko kakovost.","robots":{"index":"index","follow":"follow","max-snippet":"max-snippet:-1","max-image-preview":"max-image-preview:large","max-video-preview":"max-video-preview:-1"},"canonical":"https:\/\/in-wheel.com\/sl\/company__trashed\/elaphe-quality-policy\/","og_locale":"sl_SI","og_type":"article","og_title":"Quality policy - Elaphe","og_description":"Elaphe is dedicated to building a mutually beneficial relationship with our customers, as we strongly believe in growth through win-win partnerships and superb quality.","og_url":"https:\/\/in-wheel.com\/sl\/company__trashed\/elaphe-quality-policy\/","og_site_name":"Elaphe","article_modified_time":"2023-07-28T12:05:46+00:00","twitter_card":"summary_large_image","twitter_misc":{"Est. reading time":"2 minuti"},"schema":{"@context":"https:\/\/schema.org","@graph":[{"@type":"WebPage","@id":"https:\/\/in-wheel.com\/company__trashed\/elaphe-quality-policy\/","url":"https:\/\/in-wheel.com\/company__trashed\/elaphe-quality-policy\/","name":"Quality policy - Elaphe","isPartOf":{"@id":"https:\/\/in-wheel.com\/en\/#website"},"datePublished":"2019-09-30T21:32:44+00:00","dateModified":"2023-07-28T12:05:46+00:00","description":"Elaphe si prizadeva za gradnjo medsebojno koristnega odnosa s strankami, saj mo\u010dno verjamemo v rast prek partnerstva, kjer obe strani zmagata, ter vrhunsko kakovost.","breadcrumb":{"@id":"https:\/\/in-wheel.com\/company__trashed\/elaphe-quality-policy\/#breadcrumb"},"inLanguage":"sl-SI","potentialAction":[{"@type":"ReadAction","target":["https:\/\/in-wheel.com\/company__trashed\/elaphe-quality-policy\/"]}]},{"@type":"BreadcrumbList","@id":"https:\/\/in-wheel.com\/company__trashed\/elaphe-quality-policy\/#breadcrumb","itemListElement":[{"@type":"ListItem","position":1,"name":"Home","item":"https:\/\/in-wheel.com\/"},{"@type":"ListItem","position":2,"name":"Quality policy"}]},{"@type":"WebSite","@id":"https:\/\/in-wheel.com\/en\/#website","url":"https:\/\/in-wheel.com\/en\/","name":"Elaphe","description":"Elaphe in-wheel electric motors","potentialAction":[{"@type":"SearchAction","target":{"@type":"EntryPoint","urlTemplate":"https:\/\/in-wheel.com\/en\/?s={search_term_string}"},"query-input":{"@type":"PropertyValueSpecification","valueRequired":true,"valueName":"search_term_string"}}],"inLanguage":"sl-SI"}]}},"_links":{"self":[{"href":"https:\/\/in-wheel.com\/sl\/wp-json\/wp\/v2\/pages\/3655","targetHints":{"allow":["GET"]}}],"collection":[{"href":"https:\/\/in-wheel.com\/sl\/wp-json\/wp\/v2\/pages"}],"about":[{"href":"https:\/\/in-wheel.com\/sl\/wp-json\/wp\/v2\/types\/page"}],"author":[{"embeddable":true,"href":"https:\/\/in-wheel.com\/sl\/wp-json\/wp\/v2\/users\/5"}],"replies":[{"embeddable":true,"href":"https:\/\/in-wheel.com\/sl\/wp-json\/wp\/v2\/comments?post=3655"}],"version-history":[{"count":15,"href":"https:\/\/in-wheel.com\/sl\/wp-json\/wp\/v2\/pages\/3655\/revisions"}],"predecessor-version":[{"id":7749,"href":"https:\/\/in-wheel.com\/sl\/wp-json\/wp\/v2\/pages\/3655\/revisions\/7749"}],"wp:attachment":[{"href":"https:\/\/in-wheel.com\/sl\/wp-json\/wp\/v2\/media?parent=3655"}],"curies":[{"name":"wp","href":"https:\/\/api.w.org\/{rel}","templated":true}]}}