{"id":4540,"date":"2020-05-26T13:24:52","date_gmt":"2020-05-26T12:24:52","guid":{"rendered":"http:\/\/in-wheel.com\/?page_id=4540"},"modified":"2025-07-09T18:50:12","modified_gmt":"2025-07-09T17:50:12","slug":"elaphe-name-story","status":"publish","type":"page","link":"https:\/\/in-wheel.com\/sl\/elaphe-name-story\/","title":{"rendered":"Razlaga imena \"Elaphe\""},"content":{"rendered":"<section class=\"l-section wpb_row height_medium full_height valign_center\"><div class=\"l-section-h i-cf\"><div class=\"g-cols vc_row via_flex valign_middle type_default stacking_default\"><div class=\"vc_col-sm-6 wpb_column vc_column_container\"><div class=\"vc_column-inner\"><div class=\"wpb_wrapper\"><h2 style=\"text-align: left\" class=\"vc_custom_heading vc_do_custom_heading us_custom_cda6f729\" >Razlaga imena \"Elaphe\"<\/h2><div class=\"wpb_text_column\"><div class=\"wpb_wrapper\"><p><span style=\"color: #ffffff;\"><em>Razlaga imena \"Elaphe\" (izgovarja se el\u00e2fe) sega nazaj v anti\u010dno gr\u0161ko kulturo. Razli\u010dni dejavniki so prispevali k izbiri imena \"Elaphe\" za na\u0161o tehnologijo in motorje. Eden od klju\u010dnih dejavnikov za izbiro imena \"Elaphe\" je koncept \"neprekinjenega gibanja\", ki ga simbolizira mit o ka\u010di Ouroboros. V tem mitu ka\u010da tvori krog, tako da ugrizne v svoj lastni rep, ustvarjajo\u010d neskon\u010dno zanko. To simbolizira stalno gibanje, ve\u010dno vrtenje, ki ga povzro\u010da nemirnost lakote ka\u010de. Ka\u010da se zdi, da be\u017ei pred seboj, hkrati pa se vedno znova vra\u010da k sebi v neskon\u010dnem krogu. Ta simbolika odra\u017ea idejo o neprestanem gibanju, kar je tesno povezano z motorji in tehnologijo, ki jo razvijamo v podjetju Elaphe.<\/em> <em>_ <\/em><\/span><\/p>\n<p><span style=\"color: #ffffff;\"><em>Poleg tega Ouroboros tudi simbolizira \u010dlovekovo \u017eeljo po izbolj\u0161anju in napredku. Hrepenenje ka\u010de po ne\u010dem bolj\u0161em se odra\u017ea v nenehnem kro\u017eenju, ki simbolizira nenehno prizadevanje za izbolj\u0161anje in razvoj. Ta koncept se ujema z zavezanostjo podjetja Elaphe k razvoju naprednih in inovativnih tehnologij za elektri\u010dna vozila. Druga pomembna povezava izvira iz anti\u010dne mitologije, kjer so bile ka\u010de pogosto povezane z zdravilnimi lastnostmi. Zdravilne lastnosti ka\u010d dodajajo dodatno globino in pomembnost imenu \"Elaphe\", kar nakazuje potencial tehnologije motorjev za pozitivne vplive in napredke na podro\u010dju elektri\u010dne mobilnosti.<\/em><\/span><\/p>\n<p><span style=\"color: #ffffff;\"><em>Poleg tega je vzorec navijanja motorja, ki ga najdemo v tehnologiji Elaphe, podoben vzorcem, ki jih najdemo v naravi. Ta povezava dodatno utrjuje smiselnost imena. <\/em><\/span><\/p>\n<p><span style=\"color: #000000;\"><em><span style=\"color: #ffffff;\">\u010ce povzamemo, je ime \"Elaphe\" skrbno izbrano in vsebuje razli\u010dne pomembne vidike, med drugim neprekinjeno gibanje, hrepenenje po napredku, zdravilne lastnosti iz anti\u010dne mitologije ter povezavo z vzorci, ki jih najdemo v naravi. Ti elementi odra\u017eajo celostni pristop podjetja k tehnologiji in zavezanost razvoju naprednih re\u0161itev za elektri\u010dna vozila in \u0161ir\u0161e.<\/span> <\/em><\/span><\/p>\n<\/div><\/div><\/div><\/div><\/div><div class=\"vc_col-sm-6 wpb_column vc_column_container\"><div class=\"vc_column-inner\"><div class=\"wpb_wrapper\"><div class=\"w-image align_center\"><div class=\"w-image-h\"><img decoding=\"async\" width=\"300\" height=\"300\" data-src=\"https:\/\/in-wheel.com\/wp-content\/uploads\/2023\/07\/Elaphe-snake-transparent-300x300.png\" class=\"attachment-medium size-medium lazyload\" alt=\"\" data-srcset=\"https:\/\/in-wheel.com\/wp-content\/uploads\/2023\/07\/Elaphe-snake-transparent-300x300.png 300w, https:\/\/in-wheel.com\/wp-content\/uploads\/2023\/07\/Elaphe-snake-transparent-150x150.png 150w, https:\/\/in-wheel.com\/wp-content\/uploads\/2023\/07\/Elaphe-snake-transparent-12x12.png 12w, https:\/\/in-wheel.com\/wp-content\/uploads\/2023\/07\/Elaphe-snake-transparent-200x200.png 200w, https:\/\/in-wheel.com\/wp-content\/uploads\/2023\/07\/Elaphe-snake-transparent-134x134.png 134w, https:\/\/in-wheel.com\/wp-content\/uploads\/2023\/07\/Elaphe-snake-transparent-100x100.png 100w, https:\/\/in-wheel.com\/wp-content\/uploads\/2023\/07\/Elaphe-snake-transparent-250x250.png 250w, https:\/\/in-wheel.com\/wp-content\/uploads\/2023\/07\/Elaphe-snake-transparent.png 400w\" data-sizes=\"auto, (max-width: 300px) 100vw, 300px\" src=\"data:image\/svg+xml;base64,PHN2ZyB3aWR0aD0iMSIgaGVpZ2h0PSIxIiB4bWxucz0iaHR0cDovL3d3dy53My5vcmcvMjAwMC9zdmciPjwvc3ZnPg==\" style=\"--smush-placeholder-width: 300px; --smush-placeholder-aspect-ratio: 300\/300;\" \/><\/div><\/div><div class=\"w-separator size_medium\"><\/div><div class=\"wpb_text_column\"><div class=\"wpb_wrapper\"><p style=\"text-align: center;\"><em>Ka\u010da Ouroboros<\/em><\/p>\n<\/div><\/div><\/div><\/div><\/div><\/div><\/div><\/section><section class=\"l-section wpb_row height_medium full_height valign_center\"><div class=\"l-section-h i-cf\"><div class=\"g-cols vc_row via_flex valign_middle type_default stacking_default\"><div class=\"vc_col-sm-6 wpb_column vc_column_container\"><div class=\"vc_column-inner\"><div class=\"wpb_wrapper\"><div class=\"g-cols wpb_row via_flex valign_top type_default stacking_default\"><div class=\"vc_col-sm-6 wpb_column vc_column_container\"><div class=\"vc_column-inner\"><div class=\"wpb_wrapper\"><div class=\"w-image align_center\"><div class=\"w-image-h\"><img decoding=\"async\" width=\"300\" height=\"300\" data-src=\"https:\/\/in-wheel.com\/wp-content\/uploads\/2023\/07\/The-Rod-of-Asclepius-transparent-300x300.png\" class=\"attachment-medium size-medium lazyload\" alt=\"\" data-srcset=\"https:\/\/in-wheel.com\/wp-content\/uploads\/2023\/07\/The-Rod-of-Asclepius-transparent-300x300.png 300w, https:\/\/in-wheel.com\/wp-content\/uploads\/2023\/07\/The-Rod-of-Asclepius-transparent-150x150.png 150w, https:\/\/in-wheel.com\/wp-content\/uploads\/2023\/07\/The-Rod-of-Asclepius-transparent-12x12.png 12w, https:\/\/in-wheel.com\/wp-content\/uploads\/2023\/07\/The-Rod-of-Asclepius-transparent-200x200.png 200w, https:\/\/in-wheel.com\/wp-content\/uploads\/2023\/07\/The-Rod-of-Asclepius-transparent-134x134.png 134w, https:\/\/in-wheel.com\/wp-content\/uploads\/2023\/07\/The-Rod-of-Asclepius-transparent-100x100.png 100w, https:\/\/in-wheel.com\/wp-content\/uploads\/2023\/07\/The-Rod-of-Asclepius-transparent-250x250.png 250w, https:\/\/in-wheel.com\/wp-content\/uploads\/2023\/07\/The-Rod-of-Asclepius-transparent.png 400w\" data-sizes=\"auto, (max-width: 300px) 100vw, 300px\" src=\"data:image\/svg+xml;base64,PHN2ZyB3aWR0aD0iMSIgaGVpZ2h0PSIxIiB4bWxucz0iaHR0cDovL3d3dy53My5vcmcvMjAwMC9zdmciPjwvc3ZnPg==\" style=\"--smush-placeholder-width: 300px; --smush-placeholder-aspect-ratio: 300\/300;\" \/><\/div><\/div><div class=\"w-separator size_small\"><\/div><div class=\"wpb_text_column\"><div class=\"wpb_wrapper\"><p style=\"text-align: center;\"><em>Asklepijeva palica<\/em><\/p>\n<\/div><\/div><\/div><\/div><\/div><div class=\"vc_col-sm-6 wpb_column vc_column_container\"><div class=\"vc_column-inner\"><div class=\"wpb_wrapper\"><div class=\"w-image align_center\"><div class=\"w-image-h\"><img decoding=\"async\" width=\"300\" height=\"300\" data-src=\"https:\/\/in-wheel.com\/wp-content\/uploads\/2023\/07\/The-Staff-of-Hermes-transparent-1-300x300.png\" class=\"attachment-medium size-medium lazyload\" alt=\"\" data-srcset=\"https:\/\/in-wheel.com\/wp-content\/uploads\/2023\/07\/The-Staff-of-Hermes-transparent-1-300x300.png 300w, https:\/\/in-wheel.com\/wp-content\/uploads\/2023\/07\/The-Staff-of-Hermes-transparent-1-150x150.png 150w, https:\/\/in-wheel.com\/wp-content\/uploads\/2023\/07\/The-Staff-of-Hermes-transparent-1-12x12.png 12w, https:\/\/in-wheel.com\/wp-content\/uploads\/2023\/07\/The-Staff-of-Hermes-transparent-1-200x200.png 200w, https:\/\/in-wheel.com\/wp-content\/uploads\/2023\/07\/The-Staff-of-Hermes-transparent-1-134x134.png 134w, https:\/\/in-wheel.com\/wp-content\/uploads\/2023\/07\/The-Staff-of-Hermes-transparent-1-100x100.png 100w, https:\/\/in-wheel.com\/wp-content\/uploads\/2023\/07\/The-Staff-of-Hermes-transparent-1-250x250.png 250w, https:\/\/in-wheel.com\/wp-content\/uploads\/2023\/07\/The-Staff-of-Hermes-transparent-1.png 400w\" data-sizes=\"auto, (max-width: 300px) 100vw, 300px\" src=\"data:image\/svg+xml;base64,PHN2ZyB3aWR0aD0iMSIgaGVpZ2h0PSIxIiB4bWxucz0iaHR0cDovL3d3dy53My5vcmcvMjAwMC9zdmciPjwvc3ZnPg==\" style=\"--smush-placeholder-width: 300px; --smush-placeholder-aspect-ratio: 300\/300;\" \/><\/div><\/div><div class=\"w-separator size_small\"><\/div><div class=\"wpb_text_column\"><div class=\"wpb_wrapper\"><p style=\"text-align: center;\"><em>Hermesova palica<\/em><\/p>\n<\/div><\/div><\/div><\/div><\/div><\/div><\/div><\/div><\/div><div class=\"vc_col-sm-6 wpb_column vc_column_container\"><div class=\"vc_column-inner\"><div class=\"wpb_wrapper\"><div class=\"wpb_text_column\"><div class=\"wpb_wrapper\"><p><em>\"Elaphe\" (izgovarja se el\u00e2fe) je ime, ki je bilo v anti\u010dki Gr\u010diji pripisano nestrupeni ka\u010di. V anti\u010dni mitologiji so jo obravnavali kot simbol zdravljenja (Asklepijeva palica). \u0160e danes podro\u010dja, povezana z zdravljenjem, upodabljajo ka\u010do kot simbol medicine (na primer v lekarnah).<\/em> <em>_<\/em><\/p>\n<p><em>\u00a0<\/em><\/p>\n<\/div><\/div><\/div><\/div><\/div><\/div><\/div><\/section><section class=\"l-section wpb_row height_medium full_height valign_center\"><div class=\"l-section-h i-cf\"><div class=\"g-cols vc_row via_flex valign_middle type_default stacking_default\"><div class=\"vc_col-sm-6 wpb_column vc_column_container\"><div class=\"vc_column-inner\"><div class=\"wpb_wrapper\"><div class=\"wpb_text_column\"><div class=\"wpb_wrapper\"><p><strong><em>Zakaj so bile ka\u010de dele\u017ene tolik\u0161nega pomena?<\/em><\/strong><\/p>\n<p><em>Ka\u010de glede na legende \u017eivijo v zemlji in tam hranijo skrite zaklade. Eden od tak\u0161nih zakladov je na\u0161e zdravje. \u010ce zbolimo, na\u0161e zdravje ostane zakopano,\u010de ga ponovno ne najdemo. \u00a0<\/em><\/p>\n<p><em>V mnogih evropskih pripovedih je imela ka\u010da pozitiven pomen. V kasnej\u0161ih \u010dasih, s \u0161irjenjem kr\u0161\u010danstva, pa je ka\u010da dobila negativno konotacijo, saj je pomagala zapeljati Adama in Evo, da sta pojedla jabolko z drevesa spoznanja. V Aziji pa ni tako. V dr\u017eavah z budisti\u010dno tradicijo (tudi na Kitajskem) je drevo spoznanja tudi obravnavano kot nekaj pozitivnega, ne negativnega. V tem smislu se evropsko in azijsko razumevanje mo\u010dno razlikujeta. Menimo, da je prav, da poudarimo to pozitivno plat znanja in v povezavi s tem tudi pozitivni vidik ka\u010de, ki po anti\u010dnih podobah omogo\u010da dosegljivost znanja, ki ga ka\u010da prina\u0161a iz globin nad povr\u0161je.<\/em><\/p>\n<\/div><\/div><\/div><\/div><\/div><div class=\"vc_col-sm-6 wpb_column vc_column_container\"><div class=\"vc_column-inner\"><div class=\"wpb_wrapper\"><div class=\"w-image align_none\"><div class=\"w-image-h\"><img decoding=\"async\" width=\"1024\" height=\"960\" data-src=\"https:\/\/in-wheel.com\/wp-content\/uploads\/2020\/05\/antique-snake-1024x960.gif\" class=\"attachment-large size-large lazyload\" alt=\"\" data-srcset=\"https:\/\/in-wheel.com\/wp-content\/uploads\/2020\/05\/antique-snake-1024x960.gif 1024w, https:\/\/in-wheel.com\/wp-content\/uploads\/2020\/05\/antique-snake-300x281.gif 300w\" data-sizes=\"auto, (max-width: 1024px) 100vw, 1024px\" src=\"data:image\/svg+xml;base64,PHN2ZyB3aWR0aD0iMSIgaGVpZ2h0PSIxIiB4bWxucz0iaHR0cDovL3d3dy53My5vcmcvMjAwMC9zdmciPjwvc3ZnPg==\" style=\"--smush-placeholder-width: 1024px; --smush-placeholder-aspect-ratio: 1024\/960;\" \/><\/div><\/div><\/div><\/div><\/div><\/div><\/div><\/section><section class=\"l-section wpb_row height_medium full_height valign_center\"><div class=\"l-section-h i-cf\"><div class=\"g-cols vc_row via_flex valign_middle type_default stacking_default\"><div class=\"vc_col-sm-6 wpb_column vc_column_container\"><div class=\"vc_column-inner\"><div class=\"wpb_wrapper\"><div class=\"w-image align_none\"><div class=\"w-image-h\"><img decoding=\"async\" width=\"1024\" height=\"486\" data-src=\"https:\/\/in-wheel.com\/wp-content\/uploads\/2020\/05\/Patent-1-1024x486.jpg\" class=\"attachment-large size-large lazyload\" alt=\"\" data-srcset=\"https:\/\/in-wheel.com\/wp-content\/uploads\/2020\/05\/Patent-1-1024x486.jpg 1024w, https:\/\/in-wheel.com\/wp-content\/uploads\/2020\/05\/Patent-1-300x143.jpg 300w, https:\/\/in-wheel.com\/wp-content\/uploads\/2020\/05\/Patent-1.jpg 1684w\" data-sizes=\"auto, (max-width: 1024px) 100vw, 1024px\" src=\"data:image\/svg+xml;base64,PHN2ZyB3aWR0aD0iMSIgaGVpZ2h0PSIxIiB4bWxucz0iaHR0cDovL3d3dy53My5vcmcvMjAwMC9zdmciPjwvc3ZnPg==\" style=\"--smush-placeholder-width: 1024px; --smush-placeholder-aspect-ratio: 1024\/486;\" \/><\/div><\/div><\/div><\/div><\/div><div class=\"vc_col-sm-6 wpb_column vc_column_container\"><div class=\"vc_column-inner\"><div class=\"wpb_wrapper\"><div class=\"wpb_text_column\"><div class=\"wpb_wrapper\"><p><strong><em>Igra imen<\/em><\/strong><\/p>\n<p><em>Stalno gibanje za izbolj\u0161anje in optimizacijo, ki ga simbolizira ka\u010da Ouroboros, je prispevalo k poimenovanju na\u0161ih motorjev in podjetja. Poleg tega ima elektri\u010dni stroj, ki ga najdemo v Elaphe motorjih, obliko prstana, kar spominja na upodobitve ka\u010de Ouroboros. Na\u0161a podjetni\u0161ka filozofija je, da se navdihujemo iz narave in se u\u010dimo iz tiso\u010dletij evolucijskega in celostnega optimiziranja. Oblika in vzorec navijanja patentirane tehnologije kolesnih elektromotorjev se lahko opazi tudi v naravi, saj posnema vzorec ko\u017ee nekaterih plazilcev v njihovi zgodnji mladosti.<\/em><\/p>\n<p><em>Povezovanje zgornjega s simboliko zdravljenja, ki jo nosi ime \"Elaphe\" (na\u0161i motorji vsaj delno prispevajo k re\u0161evanju ekolo\u0161kih problemov z zmanj\u0161evanjem \u0161tevila komponent in odstranjevanjem nepotrebnih mehanskih neu\u010dinkovitosti iz sistema, in tako zdravijo na\u0161 planet), nas je vodilo v poimenovanje podjetja v \"Elaphe\".\u00a0 <\/em><\/p>\n<\/div><\/div><div class=\"w-separator size_small\"><\/div><div class=\"wpb_text_column\"><div class=\"wpb_wrapper\"><\/div><\/div><\/div><\/div><\/div><\/div><\/div><\/section>","protected":false},"excerpt":{"rendered":"Elaphe nameExplanation of \u201cElaphe\u201d (pronounced el\u00e2fe), that our company and technology is aptly named with, goes back to ancient Greek. Several aspects contributed to naming our technology and motors \u201cElaphe\u201d &#8211; very much in line with our holistic approach to basically everything. Influencing factors are primarily associated with notions such as \u201ccontinuous movement\u201d, \u201crotation from...","protected":false},"author":3,"featured_media":0,"parent":0,"menu_order":0,"comment_status":"closed","ping_status":"closed","template":"","meta":{"_acf_changed":false,"footnotes":""},"class_list":["post-4540","page","type-page","status-publish","hentry"],"acf":[],"yoast_head":"<!-- This site is optimized with the Yoast SEO plugin v26.7 - https:\/\/yoast.com\/wordpress\/plugins\/seo\/ -->\n<title>Elaphe name - Elaphe<\/title>\n<meta name=\"robots\" content=\"index, follow, max-snippet:-1, max-image-preview:large, max-video-preview:-1\" \/>\n<link rel=\"canonical\" href=\"https:\/\/in-wheel.com\/sl\/elaphe-name-story\/\" \/>\n<meta property=\"og:locale\" content=\"sl_SI\" \/>\n<meta property=\"og:type\" content=\"article\" \/>\n<meta property=\"og:title\" content=\"Elaphe name - Elaphe\" \/>\n<meta property=\"og:url\" content=\"https:\/\/in-wheel.com\/sl\/elaphe-name-story\/\" \/>\n<meta property=\"og:site_name\" content=\"Elaphe\" \/>\n<meta property=\"article:modified_time\" content=\"2025-07-09T17:50:12+00:00\" \/>\n<meta name=\"twitter:card\" content=\"summary_large_image\" \/>\n<meta name=\"twitter:label1\" content=\"Est. reading time\" \/>\n\t<meta name=\"twitter:data1\" content=\"4 minute\" \/>\n<script type=\"application\/ld+json\" class=\"yoast-schema-graph\">{\"@context\":\"https:\/\/schema.org\",\"@graph\":[{\"@type\":\"WebPage\",\"@id\":\"https:\/\/in-wheel.com\/elaphe-name-story\/\",\"url\":\"https:\/\/in-wheel.com\/elaphe-name-story\/\",\"name\":\"Elaphe name - Elaphe\",\"isPartOf\":{\"@id\":\"https:\/\/in-wheel.com\/en\/#website\"},\"datePublished\":\"2020-05-26T12:24:52+00:00\",\"dateModified\":\"2025-07-09T17:50:12+00:00\",\"breadcrumb\":{\"@id\":\"https:\/\/in-wheel.com\/elaphe-name-story\/#breadcrumb\"},\"inLanguage\":\"sl-SI\",\"potentialAction\":[{\"@type\":\"ReadAction\",\"target\":[\"https:\/\/in-wheel.com\/elaphe-name-story\/\"]}]},{\"@type\":\"BreadcrumbList\",\"@id\":\"https:\/\/in-wheel.com\/elaphe-name-story\/#breadcrumb\",\"itemListElement\":[{\"@type\":\"ListItem\",\"position\":1,\"name\":\"Home\",\"item\":\"https:\/\/in-wheel.com\/\"},{\"@type\":\"ListItem\",\"position\":2,\"name\":\"Elaphe name\"}]},{\"@type\":\"WebSite\",\"@id\":\"https:\/\/in-wheel.com\/en\/#website\",\"url\":\"https:\/\/in-wheel.com\/en\/\",\"name\":\"Elaphe\",\"description\":\"Elaphe in-wheel electric motors\",\"potentialAction\":[{\"@type\":\"SearchAction\",\"target\":{\"@type\":\"EntryPoint\",\"urlTemplate\":\"https:\/\/in-wheel.com\/en\/?s={search_term_string}\"},\"query-input\":{\"@type\":\"PropertyValueSpecification\",\"valueRequired\":true,\"valueName\":\"search_term_string\"}}],\"inLanguage\":\"sl-SI\"}]}<\/script>\n<!-- \/ Yoast SEO plugin. -->","yoast_head_json":{"title":"Elaphe name - Elaphe","robots":{"index":"index","follow":"follow","max-snippet":"max-snippet:-1","max-image-preview":"max-image-preview:large","max-video-preview":"max-video-preview:-1"},"canonical":"https:\/\/in-wheel.com\/sl\/elaphe-name-story\/","og_locale":"sl_SI","og_type":"article","og_title":"Elaphe name - Elaphe","og_url":"https:\/\/in-wheel.com\/sl\/elaphe-name-story\/","og_site_name":"Elaphe","article_modified_time":"2025-07-09T17:50:12+00:00","twitter_card":"summary_large_image","twitter_misc":{"Est. reading time":"4 minute"},"schema":{"@context":"https:\/\/schema.org","@graph":[{"@type":"WebPage","@id":"https:\/\/in-wheel.com\/elaphe-name-story\/","url":"https:\/\/in-wheel.com\/elaphe-name-story\/","name":"Elaphe name - Elaphe","isPartOf":{"@id":"https:\/\/in-wheel.com\/en\/#website"},"datePublished":"2020-05-26T12:24:52+00:00","dateModified":"2025-07-09T17:50:12+00:00","breadcrumb":{"@id":"https:\/\/in-wheel.com\/elaphe-name-story\/#breadcrumb"},"inLanguage":"sl-SI","potentialAction":[{"@type":"ReadAction","target":["https:\/\/in-wheel.com\/elaphe-name-story\/"]}]},{"@type":"BreadcrumbList","@id":"https:\/\/in-wheel.com\/elaphe-name-story\/#breadcrumb","itemListElement":[{"@type":"ListItem","position":1,"name":"Home","item":"https:\/\/in-wheel.com\/"},{"@type":"ListItem","position":2,"name":"Elaphe name"}]},{"@type":"WebSite","@id":"https:\/\/in-wheel.com\/en\/#website","url":"https:\/\/in-wheel.com\/en\/","name":"Elaphe","description":"Elaphe in-wheel electric motors","potentialAction":[{"@type":"SearchAction","target":{"@type":"EntryPoint","urlTemplate":"https:\/\/in-wheel.com\/en\/?s={search_term_string}"},"query-input":{"@type":"PropertyValueSpecification","valueRequired":true,"valueName":"search_term_string"}}],"inLanguage":"sl-SI"}]}},"_links":{"self":[{"href":"https:\/\/in-wheel.com\/sl\/wp-json\/wp\/v2\/pages\/4540","targetHints":{"allow":["GET"]}}],"collection":[{"href":"https:\/\/in-wheel.com\/sl\/wp-json\/wp\/v2\/pages"}],"about":[{"href":"https:\/\/in-wheel.com\/sl\/wp-json\/wp\/v2\/types\/page"}],"author":[{"embeddable":true,"href":"https:\/\/in-wheel.com\/sl\/wp-json\/wp\/v2\/users\/3"}],"replies":[{"embeddable":true,"href":"https:\/\/in-wheel.com\/sl\/wp-json\/wp\/v2\/comments?post=4540"}],"version-history":[{"count":34,"href":"https:\/\/in-wheel.com\/sl\/wp-json\/wp\/v2\/pages\/4540\/revisions"}],"predecessor-version":[{"id":10870,"href":"https:\/\/in-wheel.com\/sl\/wp-json\/wp\/v2\/pages\/4540\/revisions\/10870"}],"wp:attachment":[{"href":"https:\/\/in-wheel.com\/sl\/wp-json\/wp\/v2\/media?parent=4540"}],"curies":[{"name":"wp","href":"https:\/\/api.w.org\/{rel}","templated":true}]}}