{"id":8704,"date":"2025-01-05T17:19:14","date_gmt":"2025-01-05T16:19:14","guid":{"rendered":"https:\/\/in-wheel.com\/?page_id=8704"},"modified":"2026-01-21T10:33:35","modified_gmt":"2026-01-21T09:33:35","slug":"technology","status":"publish","type":"page","link":"https:\/\/in-wheel.com\/sl\/technology\/","title":{"rendered":"Tehnologija"},"content":{"rendered":"<section class=\"l-section wpb_row height_auto full_height valign_center parallax_ver\"><div class=\"l-section-overlay\" style=\"background:#000000\"><\/div><div class=\"l-section-h i-cf\"><div class=\"g-cols vc_row via_flex valign_middle type_default stacking_default\"><div class=\"vc_col-sm-12 wpb_column vc_column_container stretched\"><div class=\"vc_column-inner\"><div class=\"wpb_wrapper\"><h1 style=\"color: #FFFFFF;text-align: center\" class=\"vc_custom_heading vc_do_custom_heading us_custom_cda6f729\" >Tehnologije direktnega pogona<\/h1><div class=\"w-separator size_large\"><\/div><div class=\"wpb_text_column us_custom_345c8b9d has_text_color\"><div class=\"wpb_wrapper\"><h2 style=\"text-align: center;\" class=\"translation-block\">\u2022 Brez prenosov in zobnikov \u2013 brez mehanskih omejitev za krmiljenje<\/h2>\n<h2 style=\"text-align: center;\"><strong><span data-contrast=\"auto\">\u2022 <\/span>\u2022 Nadzor gibanja \u0161asije vozila v 3D brez dodatnih aktuatorjev<\/strong><\/h2>\n<\/div><\/div><div class=\"w-video align_center ratio_initial\"><div class=\"w-video-h\"><video  preload=\"metadata\" playsinline autoplay loop muted><source type=\"video\/mp4\" src=\"https:\/\/in-wheel.com\/wp-content\/uploads\/2025\/01\/1_Intro-1920x600_cropped.mp4\" \/><\/video><\/div><\/div><\/div><\/div><\/div><\/div><\/div><\/section><section class=\"l-section wpb_row height_large parallax_ver parallax_xpos_right\"><div class=\"l-section-overlay\" style=\"background:#DFE82D\"><\/div><div class=\"l-section-h i-cf\"><div class=\"g-cols vc_row via_flex valign_middle type_default stacking_default\"><div class=\"vc_col-sm-12 wpb_column vc_column_container\"><div class=\"vc_column-inner\"><div class=\"wpb_wrapper\"><h1 style=\"text-align: center\" class=\"vc_custom_heading vc_do_custom_heading us_custom_2f35aa69\" >20-krat hitrej\u0161i nadzor koles kot pri obi\u010dajnih elektri\u010dnih pogonih<\/h1><div class=\"w-separator size_large\"><\/div><div class=\"wpb_text_column us_custom_2f35aa69 has_text_color\"><div class=\"wpb_wrapper\"><h2 style=\"text-align: center;\">\u2022 Polna dostava navora v 4 ms<\/h2>\n<h2 style=\"text-align: center;\">\u2022 100-krat \u0161irina pasu zaznavanja navora, polo\u017eaja in hitrosti pri 10 kHz<\/h2>\n<h2 style=\"text-align: center;\">\u2022 Hitre prilagoditve navora &gt;500 Nm\/ms na stiku pnevmatike s cesto<\/h2>\n<\/div><\/div><\/div><\/div><\/div><\/div><\/div><\/section><section class=\"l-section wpb_row height_auto parallax_ver\"><div class=\"l-section-overlay\" style=\"background:#000000\"><\/div><div class=\"l-section-h i-cf\"><div class=\"g-cols vc_row via_flex valign_top type_boxes stacking_default\"><div class=\"vc_col-sm-12 wpb_column vc_column_container\"><div class=\"vc_column-inner\"><div class=\"wpb_wrapper\"><div class=\"g-cols wpb_row via_flex valign_bottom type_default stacking_default\"><div class=\"vc_col-sm-6 wpb_column vc_column_container has_bg_color stretched\"><div class=\"vc_column-inner us_custom_a47134ef\"><div class=\"wpb_wrapper\"><div class=\"w-separator size_medium\"><\/div><h2 style=\"color: #dfe82d;text-align: right\" class=\"vc_custom_heading vc_do_custom_heading us_custom_cda6f729\" >500 Nm in 50 kW do 6000 Nm in 500 kW na kolo<\/h2><\/div><\/div><\/div><div class=\"vc_col-sm-6 wpb_column vc_column_container\"><div class=\"vc_column-inner\"><div class=\"wpb_wrapper\"><h1 style=\"color: #FFFFFF;text-align: left\" class=\"vc_custom_heading vc_do_custom_heading us_custom_492179a4\" >Prilagodljiv dizajn motorja v kolesu<\/h1><div class=\"w-separator size_medium with_line width_default thick_1 style_solid color_border align_center\"><div class=\"w-separator-h\"><\/div><\/div><div class=\"wpb_text_column us_custom_6df4bc3a has_text_color\"><div class=\"wpb_wrapper\"><h2>Patentirana tehnologija aktivnih delov v 24 patentnih dru\u017einah<\/h2>\n<ul>\n<li>Neprekinjena topologija navijanja z lasnimi zankami \/ valovi<\/li>\n<li>Gostota navora glede na maso do 130 Nm\/kg aktivnega dela<\/li>\n<li>Volumska gostota navora do 620 Nm\/liter aktivnega materiala<\/li>\n<li>Zelo u\u010dinkovito toplotno upravljanje \u2013 koeficient odvajanja toplote 75 W\/K<\/li>\n<li>Gostota toka do 65 Arms\/mm\u00b2<\/li>\n<\/ul>\n<p>Optimizirani strukturni deli in postavitev:<\/p>\n<ul>\n<li>Motorni deli nosijo le svojo lastno te\u017eo in prena\u0161ajo navor<\/li>\n<li>Deljenje komponent, kot so le\u017eaji in nosilci, zmanj\u0161uje dodatno te\u017eo<\/li>\n<\/ul>\n<\/div><\/div><div class=\"w-separator size_medium\"><\/div><\/div><\/div><\/div><\/div><div class=\"w-separator size_medium\"><\/div><\/div><\/div><\/div><\/div><\/div><\/section><section class=\"l-section wpb_row height_auto parallax_ver\"><div class=\"l-section-overlay\" style=\"background:#000000\"><\/div><div class=\"l-section-h i-cf\"><div class=\"g-cols vc_row via_flex valign_top type_boxes stacking_default\"><div class=\"vc_col-sm-12 wpb_column vc_column_container\"><div class=\"vc_column-inner\"><div class=\"wpb_wrapper\"><div class=\"g-cols wpb_row via_flex valign_middle type_default stacking_default\"><div class=\"vc_col-sm-6 vc_hidden-xs wpb_column vc_column_container\"><div class=\"vc_column-inner\"><div class=\"wpb_wrapper\"><div class=\"w-separator size_medium\"><\/div><h1 style=\"color: #FFFFFF;text-align: left\" class=\"vc_custom_heading vc_do_custom_heading us_custom_9de87d4e\" >Proizvodnja majhnih serij v lastnih prostorih<\/h1><div class=\"w-separator size_medium\"><\/div><div class=\"wpb_text_column us_custom_6df4bc3a has_text_color\"><div class=\"wpb_wrapper\"><h2 style=\"text-align: left;\">\u2022 Polavtomatiziran proizvodni proces<\/h2>\n<h2 style=\"text-align: left;\">\u2022 1000 kolesnih motorjev na leto na izmeno<\/h2>\n<h2 style=\"text-align: left;\"><\/h2>\n<\/div><\/div><div class=\"w-separator size_medium\"><\/div><div class=\"w-btn-wrapper align_left\"><a class=\"w-btn us-btn-style_1\" href=\"\/sl\/contact\/\"><span class=\"w-btn-label\">Kontaktirajte nas glede dogovorov za proizvodnjo v velikih koli\u010dinah<\/span><\/a><\/div><div class=\"w-separator size_medium\"><\/div><\/div><\/div><\/div><div class=\"vc_col-sm-6 vc_hidden-xs wpb_column vc_column_container has_bg_color stretched\"><div class=\"vc_column-inner us_custom_f866dd9b\"><div class=\"wpb_wrapper\"><\/div><\/div><\/div><\/div><div class=\"g-cols wpb_row via_flex valign_middle type_default stacking_default\"><div class=\"vc_col-sm-6 vc_hidden-lg vc_hidden-md vc_hidden-sm wpb_column vc_column_container has_bg_color stretched\"><div class=\"vc_column-inner us_custom_f866dd9b\"><div class=\"wpb_wrapper\"><\/div><\/div><\/div><div class=\"vc_col-sm-6 vc_hidden-lg vc_hidden-md vc_hidden-sm wpb_column vc_column_container stretched\"><div class=\"vc_column-inner\"><div class=\"wpb_wrapper\"><h1 style=\"color: #FFFFFF;text-align: left\" class=\"vc_custom_heading vc_do_custom_heading us_custom_9de87d4e\" >Proizvodnja majhnih serij v lastnih prostorih<\/h1><div class=\"w-separator size_medium\"><\/div><div class=\"wpb_text_column us_custom_6df4bc3a has_text_color\"><div class=\"wpb_wrapper\"><h2 style=\"text-align: left;\">\u2022 Polavtomatiziran proizvodni proces<\/h2>\n<h2 style=\"text-align: left;\">\u2022 1000 kolesnih motorjev na leto na izmeno<\/h2>\n<h2 style=\"text-align: left;\"><\/h2>\n<\/div><\/div><div class=\"w-separator size_medium\"><\/div><div class=\"w-btn-wrapper align_left\"><a class=\"w-btn us-btn-style_1\" href=\"\/sl\/contact\/\"><span class=\"w-btn-label\">Kontaktirajte nas glede dogovorov za proizvodnjo v velikih koli\u010dinah<\/span><\/a><\/div><\/div><\/div><\/div><\/div><\/div><\/div><\/div><\/div><\/div><\/section><section class=\"l-section wpb_row height_auto parallax_ver\"><div class=\"l-section-overlay\" style=\"background:#000000\"><\/div><div class=\"l-section-h i-cf\"><div class=\"g-cols vc_row via_flex valign_top type_default stacking_default\"><div class=\"vc_col-sm-12 wpb_column vc_column_container\"><div class=\"vc_column-inner\"><div class=\"wpb_wrapper\"><div class=\"w-separator size_medium with_line width_default thick_1 style_solid color_border align_center\"><div class=\"w-separator-h\"><\/div><\/div><div class=\"g-cols wpb_row via_flex valign_middle type_default stacking_default\"><div class=\"vc_col-sm-12 wpb_column vc_column_container\"><div class=\"vc_column-inner\"><div class=\"wpb_wrapper\"><h1 style=\"color: #dfe82d;text-align: center\" class=\"vc_custom_heading vc_do_custom_heading us_custom_492179a4\" >Re\u0161itve za visokoodzivno krmiljenje<\/h1><\/div><\/div><\/div><\/div><div class=\"w-separator size_medium\"><\/div><div class=\"g-cols wpb_row via_flex valign_middle type_default stacking_default\"><div class=\"vc_col-sm-6 wpb_column vc_column_container stretched\"><div class=\"vc_column-inner\"><div class=\"wpb_wrapper\"><div class=\"w-video align_none ratio_16x9\"><div class=\"w-video-h\"><video  preload=\"metadata\" playsinline autoplay loop muted><source type=\"video\/mp4\" src=\"https:\/\/in-wheel.com\/wp-content\/uploads\/2025\/03\/Elaphe-Motors-INTRO.mp4\" \/><\/video><\/div><\/div><\/div><\/div><\/div><div class=\"vc_col-sm-6 wpb_column vc_column_container\"><div class=\"vc_column-inner\"><div class=\"wpb_wrapper\"><div class=\"w-separator size_medium\"><\/div><h1 style=\"color: #FFFFFF;text-align: left\" class=\"vc_custom_heading vc_do_custom_heading us_custom_cda6f729\" >1. Elaphe Motor Control \u2013 optimizacija te\u017ee sistema, u\u010dinkovitosti in stro\u0161kov<\/h1><div class=\"wpb_text_column us_custom_6df4bc3a has_text_color\"><div class=\"wpb_wrapper\"><h2 style=\"text-align: left;\"><span data-contrast=\"auto\">Visokolo\u010dljivostni nadzor motorja z dinami\u010dnimi kontrolnimi strategijami, ki optimizirajo zmogljivost, u\u010dinkovitost in udobje (cilji glede hrupa, vibracij in grobosti).<\/span><span data-ccp-props=\"{}\">\u00a0<\/span><\/h2>\n<\/div><\/div><div class=\"w-separator size_medium with_line width_default thick_1 style_solid color_border align_center\"><div class=\"w-separator-h\"><\/div><\/div><\/div><\/div><\/div><\/div><div class=\"w-separator size_huge\"><\/div><div class=\"g-cols wpb_row us_custom_5c245f7b has_text_color via_flex valign_middle type_default stacking_default\"><div class=\"vc_col-sm-6 wpb_column vc_column_container stretched\"><div class=\"vc_column-inner us_custom_57f5615c\"><div class=\"vc_column-overlay\" style=\"background:#ffffff\"><\/div><div class=\"wpb_wrapper\"><div class=\"w-video align_left ratio_16x9\"><div class=\"w-video-h\"><video  preload=\"metadata\" playsinline autoplay loop muted><source type=\"video\/mp4\" src=\"https:\/\/in-wheel.com\/wp-content\/uploads\/2025\/06\/elaphe-SlipControl-benefits.mp4\" \/><\/video><\/div><\/div><\/div><\/div><\/div><div class=\"vc_col-sm-6 wpb_column vc_column_container\"><div class=\"vc_column-inner\"><div class=\"vc_column-overlay\" style=\"background:#ffffff\"><\/div><div class=\"wpb_wrapper\"><div class=\"w-separator size_medium\"><\/div><h1 style=\"text-align: left\" class=\"vc_custom_heading vc_do_custom_heading us_custom_cda6f729\" >2. Elaphe Slip Control \u2013 manipulacija stika s cesto z izjemno hitrim odzivom<\/h1><div class=\"wpb_text_column\"><div class=\"wpb_wrapper\"><h2><span data-contrast=\"auto\">Aktivno prilagaja navor in mo\u010d za vsako neodvisno kolo, da prepre\u010di pretirano vrtenje koles ali izgubo oprijema. Za ob\u010dutno izbolj\u0161ano zmogljivost in zanesljiv oprijem z naravnim ob\u010dutkom na kateri koli podlagi.\u00a0<\/span><\/h2>\n<\/div><\/div><div class=\"w-separator size_medium with_line width_default thick_1 style_solid color_border align_center\"><div class=\"w-separator-h\"><\/div><\/div><\/div><\/div><\/div><\/div><div class=\"w-separator size_huge\"><\/div><div class=\"g-cols wpb_row via_flex valign_middle type_default stacking_default\"><div class=\"vc_col-sm-6 wpb_column vc_column_container stretched\"><div class=\"vc_column-inner us_custom_57f5615c\"><div class=\"wpb_wrapper\"><div class=\"w-video align_right ratio_16x9\"><div class=\"w-video-h\"><video  preload=\"metadata\" playsinline autoplay loop muted><source type=\"video\/mp4\" src=\"https:\/\/in-wheel.com\/wp-content\/uploads\/2025\/05\/FlyAround.mp4\" \/><\/video><\/div><\/div><\/div><\/div><\/div><div class=\"vc_col-sm-6 wpb_column vc_column_container\"><div class=\"vc_column-inner\"><div class=\"wpb_wrapper\"><div class=\"w-separator size_medium\"><\/div><h1 style=\"color: #FFFFFF;text-align: left\" class=\"vc_custom_heading vc_do_custom_heading us_custom_9de87d4e\" >3. Elaphe Vertical Motion Control \u2013 natan\u010den nadzor gibanja karoserije vozila v 6 stopnjah svobode<\/h1><div class=\"wpb_text_column us_custom_6df4bc3a has_text_color\"><div class=\"wpb_wrapper\"><h2>Uporablja vertikalno silo vzmetenja, ki jo povzro\u010di navor motorja, za natan\u010den nadzor gibanja celotnega vozila brez dodatnih aktuatorjev. Za vrhunsko stabilnost in maksimalno udobje.<\/h2>\n<\/div><\/div><div class=\"w-separator size_medium\"><\/div><div class=\"w-video us_custom_55cd093b align_left ratio_16x9\"><div class=\"w-video-h\"><video  preload=\"metadata\" playsinline autoplay loop muted><source type=\"video\/mp4\" src=\"https:\/\/in-wheel.com\/wp-content\/uploads\/2025\/05\/02_Vertical-motion-control_2_1.mp4\" \/><\/video><\/div><\/div><div class=\"w-separator size_medium with_line width_default thick_1 style_solid color_border align_center\"><div class=\"w-separator-h\"><\/div><\/div><\/div><\/div><\/div><\/div><div class=\"w-separator size_huge\"><\/div><div class=\"g-cols wpb_row us_custom_2c489c73 has_text_color via_flex valign_middle type_default stacking_default\"><div class=\"vc_col-sm-6 wpb_column vc_column_container stretched\"><div class=\"vc_column-inner us_custom_57f5615c\"><div class=\"wpb_wrapper\"><div class=\"w-video align_right ratio_16x9\"><div class=\"w-video-h\"><video  preload=\"metadata\" playsinline autoplay loop muted><source type=\"video\/mp4\" src=\"https:\/\/in-wheel.com\/wp-content\/uploads\/2025\/06\/Elaphe-Vobroacustics-Site.mp4\" \/><\/video><\/div><\/div><\/div><\/div><\/div><div class=\"vc_col-sm-6 wpb_column vc_column_container\"><div class=\"vc_column-inner\"><div class=\"wpb_wrapper\"><div class=\"w-separator size_medium\"><\/div><h1 style=\"text-align: left\" class=\"vc_custom_heading vc_do_custom_heading us_custom_9de87d4e\" >4. Elaphe Vibroacoustics \u2013 avtenti\u010den nadzor zvoka motorja in vibracij<\/h1><div class=\"wpb_text_column\"><div class=\"wpb_wrapper\"><h2>Programska oprema inverterja nadzoruje zra\u010dne in strukturne zvoke ter vibracije kolesnih motorjev za zna\u010dilen zvok in ob\u010dutek. Popolnoma gladko in tiho ali oja\u010dano in prilagojeno za do\u017eivetje in identiteto blagovne znamke.<\/h2>\n<\/div><\/div><div class=\"w-separator size_medium with_line width_default thick_1 style_solid color_border align_center\"><div class=\"w-separator-h\"><\/div><\/div><\/div><\/div><\/div><\/div><div class=\"w-separator size_huge\"><\/div><\/div><\/div><\/div><\/div><\/div><\/section><section class=\"l-section wpb_row height_auto full_height valign_top with_img\"><div class=\"l-section-img lazyload\" role=\"img\" aria-label=\"Slika\" data-img-width=\"2048\" data-img-height=\"1536\" style=\"background-image:inherit;background-repeat: no-repeat;\" data-bg-image=\"url(https:\/\/in-wheel.com\/wp-content\/uploads\/2025\/06\/Frontier-winter-testing-1-scaled.jpg)\"><\/div><div class=\"l-section-h i-cf\"><div class=\"g-cols vc_row via_flex valign_top type_default stacking_default\"><div class=\"vc_col-sm-12 wpb_column vc_column_container stretched\"><div class=\"vc_column-inner\"><div class=\"wpb_wrapper\"><div class=\"w-separator size_large\"><\/div><h1 style=\"color: #FFFFFF;text-align: center\" class=\"vc_custom_heading vc_do_custom_heading us_custom_cda6f729\" >Nosilec tehnologije Elaphe<\/h1><div class=\"w-separator size_medium\"><\/div><div class=\"wpb_text_column us_custom_6df4bc3a has_text_color\"><div class=\"wpb_wrapper\"><h2 style=\"text-align: center;\">\u2022 Razvojna platforma za nadzor gibanja in dinamiko vozila<br \/>\n\u2022 Pogon na vsa kolesa z direktnim kolesnim motorjem na vsakem kolesu<br \/>\n\u2022 Najnovej\u0161e funkcije Elaphe visokoodzivnega krmiljenja<\/h2>\n<\/div><\/div><div class=\"w-separator size_medium\"><\/div><div class=\"w-btn-wrapper align_center\"><a class=\"w-btn us-btn-style_1\" href=\"\/sl\/contact\/\"><span class=\"w-btn-label\">Na voljo za napredne raziskovalno-razvojne projekte dinamike vozila in testiranja<\/span><\/a><\/div><div class=\"w-separator size_medium\"><\/div><\/div><\/div><\/div><\/div><\/div><\/section><section class=\"l-section wpb_row height_auto\"><div class=\"l-section-overlay\" style=\"background:#ffffff\"><\/div><div class=\"l-section-h i-cf\"><div class=\"g-cols vc_row via_flex valign_middle type_default stacking_default\"><div class=\"vc_col-sm-1\/5 wpb_column vc_column_container stretched\"><div class=\"vc_column-inner\"><div class=\"wpb_wrapper\"><\/div><\/div><\/div><div class=\"vc_col-sm-3\/5 wpb_column vc_column_container\"><div class=\"vc_column-inner\"><div class=\"wpb_wrapper\"><div class=\"w-separator size_large\"><\/div><div class=\"wpb_text_column us_custom_4076faf9 has_text_color\"><div class=\"wpb_wrapper\"><blockquote>\n<h2>Ni ve\u010d vpra\u0161anje ALI \u2013 in\u017eeniring in ekonomika kolesnih motorjev vzdr\u017eita preizkus \u2013 vpra\u0161anje je KDO in KAKO. Verjamemo, da na\u0161i kolesni motorji in re\u0161itve visokoodzivnega krmiljenja ponujajo edinstveno kombinacijo stro\u0161kovnih prednosti in do\u017eivetja vo\u017enje, ki je nobena druga re\u0161itev ne zagotavlja.\u201d<\/h2>\n<h2><img decoding=\"async\" class=\"wp-image-11045 alignleft lazyload\" data-src=\"https:\/\/in-wheel.com\/wp-content\/uploads\/2025\/10\/Elaphe-Gorazd_G-300x200.jpg\" alt=\"\" width=\"213\" height=\"142\" data-srcset=\"https:\/\/in-wheel.com\/wp-content\/uploads\/2025\/10\/Elaphe-Gorazd_G-300x200.jpg 300w, https:\/\/in-wheel.com\/wp-content\/uploads\/2025\/10\/Elaphe-Gorazd_G-1024x683.jpg 1024w, https:\/\/in-wheel.com\/wp-content\/uploads\/2025\/10\/Elaphe-Gorazd_G-18x12.jpg 18w, https:\/\/in-wheel.com\/wp-content\/uploads\/2025\/10\/Elaphe-Gorazd_G-600x400.jpg 600w, https:\/\/in-wheel.com\/wp-content\/uploads\/2025\/10\/Elaphe-Gorazd_G-180x120.jpg 180w, https:\/\/in-wheel.com\/wp-content\/uploads\/2025\/10\/Elaphe-Gorazd_G-375x250.jpg 375w, https:\/\/in-wheel.com\/wp-content\/uploads\/2025\/10\/Elaphe-Gorazd_G.jpg 2048w\" data-sizes=\"(max-width: 213px) 100vw, 213px\" src=\"data:image\/svg+xml;base64,PHN2ZyB3aWR0aD0iMSIgaGVpZ2h0PSIxIiB4bWxucz0iaHR0cDovL3d3dy53My5vcmcvMjAwMC9zdmciPjwvc3ZnPg==\" style=\"--smush-placeholder-width: 213px; --smush-placeholder-aspect-ratio: 213\/142;\" \/><\/h2>\n<h3><\/h3>\n<h3>dr. Gorazd Gotovac, Elaphe CTO<\/h3>\n<\/blockquote>\n<\/div><\/div><div class=\"w-separator size_large\"><\/div><\/div><\/div><\/div><div class=\"vc_col-sm-1\/5 wpb_column vc_column_container\"><div class=\"vc_column-inner\"><div class=\"wpb_wrapper\"><\/div><\/div><\/div><\/div><\/div><\/section>","protected":false},"excerpt":{"rendered":"Direct-drive technology\u2022 No transmission \u2013 no mechanical limits for control \u2022 Vehicle body motion control in 3D with no additional actuators 20x faster wheel control than conventional e-drives\u2022 Full torque delivery in 4 ms \u2022 100x bandwidth sensing of torque, position and speed @10kHz \u2022 Rapid torque adjustments &gt;500 Nm\/ms at tyre-to-road contact 500Nm &amp;...","protected":false},"author":13,"featured_media":0,"parent":0,"menu_order":0,"comment_status":"closed","ping_status":"closed","template":"","meta":{"_acf_changed":false,"footnotes":""},"class_list":["post-8704","page","type-page","status-publish","hentry"],"acf":[],"yoast_head":"<!-- This site is optimized with the Yoast SEO plugin v26.7 - https:\/\/yoast.com\/wordpress\/plugins\/seo\/ -->\n<title>Technology - Elaphe<\/title>\n<meta name=\"description\" content=\"An introduction to Elaphe scalable in-wheel technology and wheel control features.\" \/>\n<meta name=\"robots\" content=\"index, follow, max-snippet:-1, max-image-preview:large, max-video-preview:-1\" \/>\n<link rel=\"canonical\" href=\"https:\/\/in-wheel.com\/sl\/technology\/\" \/>\n<meta property=\"og:locale\" content=\"sl_SI\" \/>\n<meta property=\"og:type\" content=\"article\" \/>\n<meta property=\"og:title\" content=\"Technology - Elaphe\" \/>\n<meta property=\"og:description\" content=\"An introduction to Elaphe scalable in-wheel technology and wheel control features.\" \/>\n<meta property=\"og:url\" content=\"https:\/\/in-wheel.com\/sl\/technology\/\" \/>\n<meta property=\"og:site_name\" content=\"Elaphe\" \/>\n<meta property=\"article:modified_time\" content=\"2026-01-21T09:33:35+00:00\" \/>\n<meta property=\"og:image\" content=\"https:\/\/in-wheel.com\/wp-content\/uploads\/2025\/10\/Elaphe-Gorazd_G.jpg\" \/>\n\t<meta property=\"og:image:width\" content=\"2048\" \/>\n\t<meta property=\"og:image:height\" content=\"1366\" \/>\n\t<meta property=\"og:image:type\" content=\"image\/jpeg\" \/>\n<meta name=\"twitter:card\" content=\"summary_large_image\" \/>\n<meta name=\"twitter:label1\" content=\"Est. reading time\" \/>\n\t<meta name=\"twitter:data1\" content=\"3 minute\" \/>\n<script type=\"application\/ld+json\" class=\"yoast-schema-graph\">{\"@context\":\"https:\/\/schema.org\",\"@graph\":[{\"@type\":\"WebPage\",\"@id\":\"https:\/\/in-wheel.com\/technology\/\",\"url\":\"https:\/\/in-wheel.com\/technology\/\",\"name\":\"Technology - Elaphe\",\"isPartOf\":{\"@id\":\"https:\/\/in-wheel.com\/en\/#website\"},\"primaryImageOfPage\":{\"@id\":\"https:\/\/in-wheel.com\/technology\/#primaryimage\"},\"image\":{\"@id\":\"https:\/\/in-wheel.com\/technology\/#primaryimage\"},\"thumbnailUrl\":\"https:\/\/in-wheel.com\/wp-content\/uploads\/2025\/10\/Elaphe-Gorazd_G-300x200.jpg\",\"datePublished\":\"2025-01-05T16:19:14+00:00\",\"dateModified\":\"2026-01-21T09:33:35+00:00\",\"description\":\"An introduction to Elaphe scalable in-wheel technology and wheel control features.\",\"breadcrumb\":{\"@id\":\"https:\/\/in-wheel.com\/technology\/#breadcrumb\"},\"inLanguage\":\"sl-SI\",\"potentialAction\":[{\"@type\":\"ReadAction\",\"target\":[\"https:\/\/in-wheel.com\/technology\/\"]}]},{\"@type\":\"ImageObject\",\"inLanguage\":\"sl-SI\",\"@id\":\"https:\/\/in-wheel.com\/technology\/#primaryimage\",\"url\":\"https:\/\/in-wheel.com\/wp-content\/uploads\/2025\/10\/Elaphe-Gorazd_G-300x200.jpg\",\"contentUrl\":\"https:\/\/in-wheel.com\/wp-content\/uploads\/2025\/10\/Elaphe-Gorazd_G-300x200.jpg\"},{\"@type\":\"BreadcrumbList\",\"@id\":\"https:\/\/in-wheel.com\/technology\/#breadcrumb\",\"itemListElement\":[{\"@type\":\"ListItem\",\"position\":1,\"name\":\"Home\",\"item\":\"https:\/\/in-wheel.com\/\"},{\"@type\":\"ListItem\",\"position\":2,\"name\":\"Technology\"}]},{\"@type\":\"WebSite\",\"@id\":\"https:\/\/in-wheel.com\/en\/#website\",\"url\":\"https:\/\/in-wheel.com\/en\/\",\"name\":\"Elaphe\",\"description\":\"Elaphe in-wheel electric motors\",\"potentialAction\":[{\"@type\":\"SearchAction\",\"target\":{\"@type\":\"EntryPoint\",\"urlTemplate\":\"https:\/\/in-wheel.com\/en\/?s={search_term_string}\"},\"query-input\":{\"@type\":\"PropertyValueSpecification\",\"valueRequired\":true,\"valueName\":\"search_term_string\"}}],\"inLanguage\":\"sl-SI\"}]}<\/script>\n<!-- \/ Yoast SEO plugin. -->","yoast_head_json":{"title":"Technology - Elaphe","description":"An introduction to Elaphe scalable in-wheel technology and wheel control features.","robots":{"index":"index","follow":"follow","max-snippet":"max-snippet:-1","max-image-preview":"max-image-preview:large","max-video-preview":"max-video-preview:-1"},"canonical":"https:\/\/in-wheel.com\/sl\/technology\/","og_locale":"sl_SI","og_type":"article","og_title":"Technology - Elaphe","og_description":"An introduction to Elaphe scalable in-wheel technology and wheel control features.","og_url":"https:\/\/in-wheel.com\/sl\/technology\/","og_site_name":"Elaphe","article_modified_time":"2026-01-21T09:33:35+00:00","og_image":[{"width":2048,"height":1366,"url":"https:\/\/in-wheel.com\/wp-content\/uploads\/2025\/10\/Elaphe-Gorazd_G.jpg","type":"image\/jpeg"}],"twitter_card":"summary_large_image","twitter_misc":{"Est. reading time":"3 minute"},"schema":{"@context":"https:\/\/schema.org","@graph":[{"@type":"WebPage","@id":"https:\/\/in-wheel.com\/technology\/","url":"https:\/\/in-wheel.com\/technology\/","name":"Technology - Elaphe","isPartOf":{"@id":"https:\/\/in-wheel.com\/en\/#website"},"primaryImageOfPage":{"@id":"https:\/\/in-wheel.com\/technology\/#primaryimage"},"image":{"@id":"https:\/\/in-wheel.com\/technology\/#primaryimage"},"thumbnailUrl":"https:\/\/in-wheel.com\/wp-content\/uploads\/2025\/10\/Elaphe-Gorazd_G-300x200.jpg","datePublished":"2025-01-05T16:19:14+00:00","dateModified":"2026-01-21T09:33:35+00:00","description":"An introduction to Elaphe scalable in-wheel technology and wheel control features.","breadcrumb":{"@id":"https:\/\/in-wheel.com\/technology\/#breadcrumb"},"inLanguage":"sl-SI","potentialAction":[{"@type":"ReadAction","target":["https:\/\/in-wheel.com\/technology\/"]}]},{"@type":"ImageObject","inLanguage":"sl-SI","@id":"https:\/\/in-wheel.com\/technology\/#primaryimage","url":"https:\/\/in-wheel.com\/wp-content\/uploads\/2025\/10\/Elaphe-Gorazd_G-300x200.jpg","contentUrl":"https:\/\/in-wheel.com\/wp-content\/uploads\/2025\/10\/Elaphe-Gorazd_G-300x200.jpg"},{"@type":"BreadcrumbList","@id":"https:\/\/in-wheel.com\/technology\/#breadcrumb","itemListElement":[{"@type":"ListItem","position":1,"name":"Home","item":"https:\/\/in-wheel.com\/"},{"@type":"ListItem","position":2,"name":"Technology"}]},{"@type":"WebSite","@id":"https:\/\/in-wheel.com\/en\/#website","url":"https:\/\/in-wheel.com\/en\/","name":"Elaphe","description":"Elaphe in-wheel electric motors","potentialAction":[{"@type":"SearchAction","target":{"@type":"EntryPoint","urlTemplate":"https:\/\/in-wheel.com\/en\/?s={search_term_string}"},"query-input":{"@type":"PropertyValueSpecification","valueRequired":true,"valueName":"search_term_string"}}],"inLanguage":"sl-SI"}]}},"_links":{"self":[{"href":"https:\/\/in-wheel.com\/sl\/wp-json\/wp\/v2\/pages\/8704","targetHints":{"allow":["GET"]}}],"collection":[{"href":"https:\/\/in-wheel.com\/sl\/wp-json\/wp\/v2\/pages"}],"about":[{"href":"https:\/\/in-wheel.com\/sl\/wp-json\/wp\/v2\/types\/page"}],"author":[{"embeddable":true,"href":"https:\/\/in-wheel.com\/sl\/wp-json\/wp\/v2\/users\/13"}],"replies":[{"embeddable":true,"href":"https:\/\/in-wheel.com\/sl\/wp-json\/wp\/v2\/comments?post=8704"}],"version-history":[{"count":84,"href":"https:\/\/in-wheel.com\/sl\/wp-json\/wp\/v2\/pages\/8704\/revisions"}],"predecessor-version":[{"id":11227,"href":"https:\/\/in-wheel.com\/sl\/wp-json\/wp\/v2\/pages\/8704\/revisions\/11227"}],"wp:attachment":[{"href":"https:\/\/in-wheel.com\/sl\/wp-json\/wp\/v2\/media?parent=8704"}],"curies":[{"name":"wp","href":"https:\/\/api.w.org\/{rel}","templated":true}]}}